{"id":1653,"date":"2025-06-23T18:01:58","date_gmt":"2025-06-23T18:01:58","guid":{"rendered":"https:\/\/telhadoemcuritiba.ind.br\/?page_id=1653"},"modified":"2025-06-23T18:54:41","modified_gmt":"2025-06-23T18:54:41","slug":"estruturas-coberturas-metalicas","status":"publish","type":"page","link":"https:\/\/telhadoemcuritiba.ind.br\/index.php\/estruturas-coberturas-metalicas\/","title":{"rendered":"Estruturas e Coberturas Met\u00e1licas"},"content":{"rendered":"\n<p>A estrutura met\u00e1lica permite a utiliza\u00e7\u00e3o de v\u00e1rios tipos de lajes, tais como: convencionais, vigas pr\u00e9-moldadas, concretos, dentre outros. Alguns destes tipos de laje s\u00e3o as mais indicadas para edif\u00edcios em estruturas met\u00e1licas. Sendo assim, as estruturas met\u00e1licas s\u00e3o extremamente leves e apresentam f\u00e1cil manuseio dos pain\u00e9is met\u00e1licos, podendo lhe trazer resultados mais que satisfat\u00f3rios.<\/p>\n\n\n\n<figure class=\"wp-block-gallery has-nested-images columns-default is-cropped wp-block-gallery-1 is-layout-flex wp-block-gallery-is-layout-flex\">\n<figure class=\"wp-block-image size-large\"><img fetchpriority=\"high\" decoding=\"async\" width=\"577\" height=\"1024\" data-id=\"1693\" src=\"https:\/\/telhadoemcuritiba.ind.br\/wp-content\/uploads\/2025\/06\/Abatec-16-577x1024.jpg\" alt=\"\" class=\"wp-image-1693\" srcset=\"https:\/\/telhadoemcuritiba.ind.br\/wp-content\/uploads\/2025\/06\/Abatec-16-577x1024.jpg 577w, https:\/\/telhadoemcuritiba.ind.br\/wp-content\/uploads\/2025\/06\/Abatec-16-169x300.jpg 169w, https:\/\/telhadoemcuritiba.ind.br\/wp-content\/uploads\/2025\/06\/Abatec-16-600x1065.jpg 600w, https:\/\/telhadoemcuritiba.ind.br\/wp-content\/uploads\/2025\/06\/Abatec-16.jpg 640w\" sizes=\"(max-width: 577px) 100vw, 577px\" \/><\/figure>\n\n\n\n<figure class=\"wp-block-image size-large\"><img decoding=\"async\" width=\"577\" height=\"1024\" data-id=\"1695\" src=\"https:\/\/telhadoemcuritiba.ind.br\/wp-content\/uploads\/2025\/06\/Abatec-19-577x1024.jpg\" alt=\"\" class=\"wp-image-1695\" srcset=\"https:\/\/telhadoemcuritiba.ind.br\/wp-content\/uploads\/2025\/06\/Abatec-19-577x1024.jpg 577w, https:\/\/telhadoemcuritiba.ind.br\/wp-content\/uploads\/2025\/06\/Abatec-19-169x300.jpg 169w, https:\/\/telhadoemcuritiba.ind.br\/wp-content\/uploads\/2025\/06\/Abatec-19-600x1065.jpg 600w, https:\/\/telhadoemcuritiba.ind.br\/wp-content\/uploads\/2025\/06\/Abatec-19.jpg 640w\" sizes=\"(max-width: 577px) 100vw, 577px\" \/><\/figure>\n\n\n\n<figure class=\"wp-block-image size-large\"><img decoding=\"async\" width=\"720\" height=\"406\" data-id=\"1696\" src=\"https:\/\/telhadoemcuritiba.ind.br\/wp-content\/uploads\/2025\/06\/Abatec-20.jpg\" alt=\"\" class=\"wp-image-1696\" srcset=\"https:\/\/telhadoemcuritiba.ind.br\/wp-content\/uploads\/2025\/06\/Abatec-20.jpg 720w, https:\/\/telhadoemcuritiba.ind.br\/wp-content\/uploads\/2025\/06\/Abatec-20-300x169.jpg 300w, https:\/\/telhadoemcuritiba.ind.br\/wp-content\/uploads\/2025\/06\/Abatec-20-600x338.jpg 600w\" sizes=\"(max-width: 720px) 100vw, 720px\" \/><\/figure>\n\n\n\n<figure class=\"wp-block-image size-large\"><img loading=\"lazy\" decoding=\"async\" width=\"576\" height=\"1024\" data-id=\"1694\" src=\"https:\/\/telhadoemcuritiba.ind.br\/wp-content\/uploads\/2025\/06\/Abatec-17-576x1024.jpg\" alt=\"\" class=\"wp-image-1694\" srcset=\"https:\/\/telhadoemcuritiba.ind.br\/wp-content\/uploads\/2025\/06\/Abatec-17-576x1024.jpg 576w, https:\/\/telhadoemcuritiba.ind.br\/wp-content\/uploads\/2025\/06\/Abatec-17-169x300.jpg 169w, https:\/\/telhadoemcuritiba.ind.br\/wp-content\/uploads\/2025\/06\/Abatec-17-600x1067.jpg 600w, https:\/\/telhadoemcuritiba.ind.br\/wp-content\/uploads\/2025\/06\/Abatec-17.jpg 720w\" sizes=\"(max-width: 576px) 100vw, 576px\" \/><\/figure>\n\n\n\n<figure class=\"wp-block-image size-large\"><img loading=\"lazy\" decoding=\"async\" width=\"819\" height=\"1024\" data-id=\"1692\" src=\"https:\/\/telhadoemcuritiba.ind.br\/wp-content\/uploads\/2025\/06\/Abatec-15-819x1024.jpg\" alt=\"\" class=\"wp-image-1692\" srcset=\"https:\/\/telhadoemcuritiba.ind.br\/wp-content\/uploads\/2025\/06\/Abatec-15-819x1024.jpg 819w, https:\/\/telhadoemcuritiba.ind.br\/wp-content\/uploads\/2025\/06\/Abatec-15-240x300.jpg 240w, https:\/\/telhadoemcuritiba.ind.br\/wp-content\/uploads\/2025\/06\/Abatec-15-768x960.jpg 768w, https:\/\/telhadoemcuritiba.ind.br\/wp-content\/uploads\/2025\/06\/Abatec-15-1229x1536.jpg 1229w, https:\/\/telhadoemcuritiba.ind.br\/wp-content\/uploads\/2025\/06\/Abatec-15-600x750.jpg 600w, https:\/\/telhadoemcuritiba.ind.br\/wp-content\/uploads\/2025\/06\/Abatec-15.jpg 1440w\" sizes=\"(max-width: 819px) 100vw, 819px\" \/><\/figure>\n\n\n\n<figure class=\"wp-block-image size-large\"><img loading=\"lazy\" decoding=\"async\" width=\"1024\" height=\"1024\" data-id=\"1691\" src=\"https:\/\/telhadoemcuritiba.ind.br\/wp-content\/uploads\/2025\/06\/Abatec-14-1024x1024.jpg\" alt=\"\" class=\"wp-image-1691\" srcset=\"https:\/\/telhadoemcuritiba.ind.br\/wp-content\/uploads\/2025\/06\/Abatec-14-1024x1024.jpg 1024w, https:\/\/telhadoemcuritiba.ind.br\/wp-content\/uploads\/2025\/06\/Abatec-14-300x300.jpg 300w, https:\/\/telhadoemcuritiba.ind.br\/wp-content\/uploads\/2025\/06\/Abatec-14-150x150.jpg 150w, https:\/\/telhadoemcuritiba.ind.br\/wp-content\/uploads\/2025\/06\/Abatec-14-768x768.jpg 768w, https:\/\/telhadoemcuritiba.ind.br\/wp-content\/uploads\/2025\/06\/Abatec-14-427x427.jpg 427w, https:\/\/telhadoemcuritiba.ind.br\/wp-content\/uploads\/2025\/06\/Abatec-14-350x350.jpg 350w, https:\/\/telhadoemcuritiba.ind.br\/wp-content\/uploads\/2025\/06\/Abatec-14-250x250.jpg 250w, https:\/\/telhadoemcuritiba.ind.br\/wp-content\/uploads\/2025\/06\/Abatec-14-370x370.jpg 370w, https:\/\/telhadoemcuritiba.ind.br\/wp-content\/uploads\/2025\/06\/Abatec-14-90x90.jpg 90w, https:\/\/telhadoemcuritiba.ind.br\/wp-content\/uploads\/2025\/06\/Abatec-14-570x570.jpg 570w, https:\/\/telhadoemcuritiba.ind.br\/wp-content\/uploads\/2025\/06\/Abatec-14-285x285.jpg 285w, https:\/\/telhadoemcuritiba.ind.br\/wp-content\/uploads\/2025\/06\/Abatec-14-600x600.jpg 600w, https:\/\/telhadoemcuritiba.ind.br\/wp-content\/uploads\/2025\/06\/Abatec-14-100x100.jpg 100w, https:\/\/telhadoemcuritiba.ind.br\/wp-content\/uploads\/2025\/06\/Abatec-14.jpg 1440w\" sizes=\"(max-width: 1024px) 100vw, 1024px\" \/><\/figure>\n\n\n\n<figure class=\"wp-block-image size-large\"><img loading=\"lazy\" decoding=\"async\" width=\"1024\" height=\"536\" data-id=\"1690\" src=\"https:\/\/telhadoemcuritiba.ind.br\/wp-content\/uploads\/2025\/06\/Abatec-13-1024x536.jpg\" alt=\"\" class=\"wp-image-1690\" srcset=\"https:\/\/telhadoemcuritiba.ind.br\/wp-content\/uploads\/2025\/06\/Abatec-13-1024x536.jpg 1024w, https:\/\/telhadoemcuritiba.ind.br\/wp-content\/uploads\/2025\/06\/Abatec-13-300x157.jpg 300w, https:\/\/telhadoemcuritiba.ind.br\/wp-content\/uploads\/2025\/06\/Abatec-13-768x402.jpg 768w, https:\/\/telhadoemcuritiba.ind.br\/wp-content\/uploads\/2025\/06\/Abatec-13-600x314.jpg 600w, https:\/\/telhadoemcuritiba.ind.br\/wp-content\/uploads\/2025\/06\/Abatec-13.jpg 1440w\" sizes=\"(max-width: 1024px) 100vw, 1024px\" \/><\/figure>\n\n\n\n<figure class=\"wp-block-image size-large\"><img loading=\"lazy\" decoding=\"async\" width=\"819\" height=\"1024\" data-id=\"1689\" src=\"https:\/\/telhadoemcuritiba.ind.br\/wp-content\/uploads\/2025\/06\/Abatec-12-819x1024.jpg\" alt=\"\" class=\"wp-image-1689\" srcset=\"https:\/\/telhadoemcuritiba.ind.br\/wp-content\/uploads\/2025\/06\/Abatec-12-819x1024.jpg 819w, https:\/\/telhadoemcuritiba.ind.br\/wp-content\/uploads\/2025\/06\/Abatec-12-240x300.jpg 240w, https:\/\/telhadoemcuritiba.ind.br\/wp-content\/uploads\/2025\/06\/Abatec-12-768x960.jpg 768w, https:\/\/telhadoemcuritiba.ind.br\/wp-content\/uploads\/2025\/06\/Abatec-12-1229x1536.jpg 1229w, https:\/\/telhadoemcuritiba.ind.br\/wp-content\/uploads\/2025\/06\/Abatec-12-600x750.jpg 600w, https:\/\/telhadoemcuritiba.ind.br\/wp-content\/uploads\/2025\/06\/Abatec-12.jpg 1440w\" sizes=\"(max-width: 819px) 100vw, 819px\" \/><\/figure>\n\n\n\n<figure class=\"wp-block-image size-large\"><img loading=\"lazy\" decoding=\"async\" width=\"600\" height=\"600\" data-id=\"1681\" src=\"https:\/\/telhadoemcuritiba.ind.br\/wp-content\/uploads\/2025\/06\/Abatec-04.jpg\" alt=\"\" class=\"wp-image-1681\" srcset=\"https:\/\/telhadoemcuritiba.ind.br\/wp-content\/uploads\/2025\/06\/Abatec-04.jpg 600w, https:\/\/telhadoemcuritiba.ind.br\/wp-content\/uploads\/2025\/06\/Abatec-04-300x300.jpg 300w, https:\/\/telhadoemcuritiba.ind.br\/wp-content\/uploads\/2025\/06\/Abatec-04-150x150.jpg 150w, https:\/\/telhadoemcuritiba.ind.br\/wp-content\/uploads\/2025\/06\/Abatec-04-427x427.jpg 427w, https:\/\/telhadoemcuritiba.ind.br\/wp-content\/uploads\/2025\/06\/Abatec-04-350x350.jpg 350w, https:\/\/telhadoemcuritiba.ind.br\/wp-content\/uploads\/2025\/06\/Abatec-04-250x250.jpg 250w, https:\/\/telhadoemcuritiba.ind.br\/wp-content\/uploads\/2025\/06\/Abatec-04-370x370.jpg 370w, https:\/\/telhadoemcuritiba.ind.br\/wp-content\/uploads\/2025\/06\/Abatec-04-90x90.jpg 90w, https:\/\/telhadoemcuritiba.ind.br\/wp-content\/uploads\/2025\/06\/Abatec-04-570x570.jpg 570w, https:\/\/telhadoemcuritiba.ind.br\/wp-content\/uploads\/2025\/06\/Abatec-04-285x285.jpg 285w, https:\/\/telhadoemcuritiba.ind.br\/wp-content\/uploads\/2025\/06\/Abatec-04-100x100.jpg 100w\" sizes=\"(max-width: 600px) 100vw, 600px\" \/><\/figure>\n\n\n\n<figure class=\"wp-block-image size-large\"><img loading=\"lazy\" decoding=\"async\" width=\"720\" height=\"720\" data-id=\"1682\" src=\"https:\/\/telhadoemcuritiba.ind.br\/wp-content\/uploads\/2025\/06\/Abatec-05.jpg\" alt=\"\" class=\"wp-image-1682\" srcset=\"https:\/\/telhadoemcuritiba.ind.br\/wp-content\/uploads\/2025\/06\/Abatec-05.jpg 720w, https:\/\/telhadoemcuritiba.ind.br\/wp-content\/uploads\/2025\/06\/Abatec-05-300x300.jpg 300w, https:\/\/telhadoemcuritiba.ind.br\/wp-content\/uploads\/2025\/06\/Abatec-05-150x150.jpg 150w, https:\/\/telhadoemcuritiba.ind.br\/wp-content\/uploads\/2025\/06\/Abatec-05-427x427.jpg 427w, https:\/\/telhadoemcuritiba.ind.br\/wp-content\/uploads\/2025\/06\/Abatec-05-350x350.jpg 350w, https:\/\/telhadoemcuritiba.ind.br\/wp-content\/uploads\/2025\/06\/Abatec-05-250x250.jpg 250w, https:\/\/telhadoemcuritiba.ind.br\/wp-content\/uploads\/2025\/06\/Abatec-05-370x370.jpg 370w, https:\/\/telhadoemcuritiba.ind.br\/wp-content\/uploads\/2025\/06\/Abatec-05-90x90.jpg 90w, https:\/\/telhadoemcuritiba.ind.br\/wp-content\/uploads\/2025\/06\/Abatec-05-570x570.jpg 570w, https:\/\/telhadoemcuritiba.ind.br\/wp-content\/uploads\/2025\/06\/Abatec-05-285x285.jpg 285w, https:\/\/telhadoemcuritiba.ind.br\/wp-content\/uploads\/2025\/06\/Abatec-05-600x600.jpg 600w, https:\/\/telhadoemcuritiba.ind.br\/wp-content\/uploads\/2025\/06\/Abatec-05-100x100.jpg 100w\" sizes=\"(max-width: 720px) 100vw, 720px\" \/><\/figure>\n\n\n\n<figure class=\"wp-block-image size-large\"><img loading=\"lazy\" decoding=\"async\" width=\"1024\" height=\"1024\" data-id=\"1683\" src=\"https:\/\/telhadoemcuritiba.ind.br\/wp-content\/uploads\/2025\/06\/Abatec-06-1024x1024.jpg\" alt=\"\" class=\"wp-image-1683\" srcset=\"https:\/\/telhadoemcuritiba.ind.br\/wp-content\/uploads\/2025\/06\/Abatec-06-1024x1024.jpg 1024w, https:\/\/telhadoemcuritiba.ind.br\/wp-content\/uploads\/2025\/06\/Abatec-06-300x300.jpg 300w, https:\/\/telhadoemcuritiba.ind.br\/wp-content\/uploads\/2025\/06\/Abatec-06-150x150.jpg 150w, https:\/\/telhadoemcuritiba.ind.br\/wp-content\/uploads\/2025\/06\/Abatec-06-768x768.jpg 768w, https:\/\/telhadoemcuritiba.ind.br\/wp-content\/uploads\/2025\/06\/Abatec-06-427x427.jpg 427w, https:\/\/telhadoemcuritiba.ind.br\/wp-content\/uploads\/2025\/06\/Abatec-06-350x350.jpg 350w, https:\/\/telhadoemcuritiba.ind.br\/wp-content\/uploads\/2025\/06\/Abatec-06-250x250.jpg 250w, https:\/\/telhadoemcuritiba.ind.br\/wp-content\/uploads\/2025\/06\/Abatec-06-370x370.jpg 370w, https:\/\/telhadoemcuritiba.ind.br\/wp-content\/uploads\/2025\/06\/Abatec-06-90x90.jpg 90w, https:\/\/telhadoemcuritiba.ind.br\/wp-content\/uploads\/2025\/06\/Abatec-06-570x570.jpg 570w, https:\/\/telhadoemcuritiba.ind.br\/wp-content\/uploads\/2025\/06\/Abatec-06-285x285.jpg 285w, https:\/\/telhadoemcuritiba.ind.br\/wp-content\/uploads\/2025\/06\/Abatec-06-600x600.jpg 600w, https:\/\/telhadoemcuritiba.ind.br\/wp-content\/uploads\/2025\/06\/Abatec-06-100x100.jpg 100w, https:\/\/telhadoemcuritiba.ind.br\/wp-content\/uploads\/2025\/06\/Abatec-06.jpg 1440w\" sizes=\"(max-width: 1024px) 100vw, 1024px\" \/><\/figure>\n\n\n\n<figure class=\"wp-block-image size-large\"><img loading=\"lazy\" decoding=\"async\" width=\"614\" height=\"615\" data-id=\"1684\" src=\"https:\/\/telhadoemcuritiba.ind.br\/wp-content\/uploads\/2025\/06\/Abatec-07.jpg\" alt=\"\" class=\"wp-image-1684\" srcset=\"https:\/\/telhadoemcuritiba.ind.br\/wp-content\/uploads\/2025\/06\/Abatec-07.jpg 614w, https:\/\/telhadoemcuritiba.ind.br\/wp-content\/uploads\/2025\/06\/Abatec-07-300x300.jpg 300w, https:\/\/telhadoemcuritiba.ind.br\/wp-content\/uploads\/2025\/06\/Abatec-07-150x150.jpg 150w, https:\/\/telhadoemcuritiba.ind.br\/wp-content\/uploads\/2025\/06\/Abatec-07-427x427.jpg 427w, https:\/\/telhadoemcuritiba.ind.br\/wp-content\/uploads\/2025\/06\/Abatec-07-350x350.jpg 350w, https:\/\/telhadoemcuritiba.ind.br\/wp-content\/uploads\/2025\/06\/Abatec-07-250x250.jpg 250w, https:\/\/telhadoemcuritiba.ind.br\/wp-content\/uploads\/2025\/06\/Abatec-07-370x370.jpg 370w, https:\/\/telhadoemcuritiba.ind.br\/wp-content\/uploads\/2025\/06\/Abatec-07-90x90.jpg 90w, https:\/\/telhadoemcuritiba.ind.br\/wp-content\/uploads\/2025\/06\/Abatec-07-570x570.jpg 570w, https:\/\/telhadoemcuritiba.ind.br\/wp-content\/uploads\/2025\/06\/Abatec-07-285x285.jpg 285w, https:\/\/telhadoemcuritiba.ind.br\/wp-content\/uploads\/2025\/06\/Abatec-07-600x601.jpg 600w, https:\/\/telhadoemcuritiba.ind.br\/wp-content\/uploads\/2025\/06\/Abatec-07-100x100.jpg 100w\" sizes=\"(max-width: 614px) 100vw, 614px\" \/><\/figure>\n\n\n\n<figure class=\"wp-block-image size-large\"><img loading=\"lazy\" decoding=\"async\" width=\"1024\" height=\"1024\" data-id=\"1685\" src=\"https:\/\/telhadoemcuritiba.ind.br\/wp-content\/uploads\/2025\/06\/Abatec-08-1024x1024.jpg\" alt=\"\" class=\"wp-image-1685\" srcset=\"https:\/\/telhadoemcuritiba.ind.br\/wp-content\/uploads\/2025\/06\/Abatec-08-1024x1024.jpg 1024w, https:\/\/telhadoemcuritiba.ind.br\/wp-content\/uploads\/2025\/06\/Abatec-08-300x300.jpg 300w, https:\/\/telhadoemcuritiba.ind.br\/wp-content\/uploads\/2025\/06\/Abatec-08-150x150.jpg 150w, https:\/\/telhadoemcuritiba.ind.br\/wp-content\/uploads\/2025\/06\/Abatec-08-768x768.jpg 768w, https:\/\/telhadoemcuritiba.ind.br\/wp-content\/uploads\/2025\/06\/Abatec-08-427x427.jpg 427w, https:\/\/telhadoemcuritiba.ind.br\/wp-content\/uploads\/2025\/06\/Abatec-08-350x350.jpg 350w, https:\/\/telhadoemcuritiba.ind.br\/wp-content\/uploads\/2025\/06\/Abatec-08-250x250.jpg 250w, https:\/\/telhadoemcuritiba.ind.br\/wp-content\/uploads\/2025\/06\/Abatec-08-370x370.jpg 370w, https:\/\/telhadoemcuritiba.ind.br\/wp-content\/uploads\/2025\/06\/Abatec-08-90x90.jpg 90w, https:\/\/telhadoemcuritiba.ind.br\/wp-content\/uploads\/2025\/06\/Abatec-08-570x570.jpg 570w, https:\/\/telhadoemcuritiba.ind.br\/wp-content\/uploads\/2025\/06\/Abatec-08-285x285.jpg 285w, https:\/\/telhadoemcuritiba.ind.br\/wp-content\/uploads\/2025\/06\/Abatec-08-600x600.jpg 600w, https:\/\/telhadoemcuritiba.ind.br\/wp-content\/uploads\/2025\/06\/Abatec-08-100x100.jpg 100w, https:\/\/telhadoemcuritiba.ind.br\/wp-content\/uploads\/2025\/06\/Abatec-08.jpg 1440w\" sizes=\"(max-width: 1024px) 100vw, 1024px\" \/><\/figure>\n\n\n\n<figure class=\"wp-block-image size-large\"><img loading=\"lazy\" decoding=\"async\" width=\"720\" height=\"720\" data-id=\"1686\" src=\"https:\/\/telhadoemcuritiba.ind.br\/wp-content\/uploads\/2025\/06\/Abatec-09.jpg\" alt=\"\" class=\"wp-image-1686\" srcset=\"https:\/\/telhadoemcuritiba.ind.br\/wp-content\/uploads\/2025\/06\/Abatec-09.jpg 720w, https:\/\/telhadoemcuritiba.ind.br\/wp-content\/uploads\/2025\/06\/Abatec-09-300x300.jpg 300w, https:\/\/telhadoemcuritiba.ind.br\/wp-content\/uploads\/2025\/06\/Abatec-09-150x150.jpg 150w, https:\/\/telhadoemcuritiba.ind.br\/wp-content\/uploads\/2025\/06\/Abatec-09-427x427.jpg 427w, https:\/\/telhadoemcuritiba.ind.br\/wp-content\/uploads\/2025\/06\/Abatec-09-350x350.jpg 350w, https:\/\/telhadoemcuritiba.ind.br\/wp-content\/uploads\/2025\/06\/Abatec-09-250x250.jpg 250w, https:\/\/telhadoemcuritiba.ind.br\/wp-content\/uploads\/2025\/06\/Abatec-09-370x370.jpg 370w, https:\/\/telhadoemcuritiba.ind.br\/wp-content\/uploads\/2025\/06\/Abatec-09-90x90.jpg 90w, https:\/\/telhadoemcuritiba.ind.br\/wp-content\/uploads\/2025\/06\/Abatec-09-570x570.jpg 570w, https:\/\/telhadoemcuritiba.ind.br\/wp-content\/uploads\/2025\/06\/Abatec-09-285x285.jpg 285w, https:\/\/telhadoemcuritiba.ind.br\/wp-content\/uploads\/2025\/06\/Abatec-09-600x600.jpg 600w, https:\/\/telhadoemcuritiba.ind.br\/wp-content\/uploads\/2025\/06\/Abatec-09-100x100.jpg 100w\" sizes=\"(max-width: 720px) 100vw, 720px\" \/><\/figure>\n\n\n\n<figure class=\"wp-block-image size-large\"><img loading=\"lazy\" decoding=\"async\" width=\"819\" height=\"1024\" data-id=\"1687\" src=\"https:\/\/telhadoemcuritiba.ind.br\/wp-content\/uploads\/2025\/06\/Abatec-10-819x1024.jpg\" alt=\"\" class=\"wp-image-1687\" srcset=\"https:\/\/telhadoemcuritiba.ind.br\/wp-content\/uploads\/2025\/06\/Abatec-10-819x1024.jpg 819w, https:\/\/telhadoemcuritiba.ind.br\/wp-content\/uploads\/2025\/06\/Abatec-10-240x300.jpg 240w, https:\/\/telhadoemcuritiba.ind.br\/wp-content\/uploads\/2025\/06\/Abatec-10-768x960.jpg 768w, https:\/\/telhadoemcuritiba.ind.br\/wp-content\/uploads\/2025\/06\/Abatec-10-1229x1536.jpg 1229w, https:\/\/telhadoemcuritiba.ind.br\/wp-content\/uploads\/2025\/06\/Abatec-10-600x750.jpg 600w, https:\/\/telhadoemcuritiba.ind.br\/wp-content\/uploads\/2025\/06\/Abatec-10.jpg 1440w\" sizes=\"(max-width: 819px) 100vw, 819px\" \/><\/figure>\n\n\n\n<figure class=\"wp-block-image size-large\"><img loading=\"lazy\" decoding=\"async\" width=\"819\" height=\"1024\" data-id=\"1688\" src=\"https:\/\/telhadoemcuritiba.ind.br\/wp-content\/uploads\/2025\/06\/Abatec-11-819x1024.jpg\" alt=\"\" class=\"wp-image-1688\" srcset=\"https:\/\/telhadoemcuritiba.ind.br\/wp-content\/uploads\/2025\/06\/Abatec-11-819x1024.jpg 819w, https:\/\/telhadoemcuritiba.ind.br\/wp-content\/uploads\/2025\/06\/Abatec-11-240x300.jpg 240w, https:\/\/telhadoemcuritiba.ind.br\/wp-content\/uploads\/2025\/06\/Abatec-11-768x960.jpg 768w, https:\/\/telhadoemcuritiba.ind.br\/wp-content\/uploads\/2025\/06\/Abatec-11-1229x1536.jpg 1229w, https:\/\/telhadoemcuritiba.ind.br\/wp-content\/uploads\/2025\/06\/Abatec-11-600x750.jpg 600w, https:\/\/telhadoemcuritiba.ind.br\/wp-content\/uploads\/2025\/06\/Abatec-11.jpg 1440w\" sizes=\"(max-width: 819px) 100vw, 819px\" \/><\/figure>\n\n\n\n<figure class=\"wp-block-image size-large\"><img loading=\"lazy\" decoding=\"async\" width=\"1024\" height=\"1024\" data-id=\"1680\" src=\"https:\/\/telhadoemcuritiba.ind.br\/wp-content\/uploads\/2025\/06\/Abatec-03-1024x1024.jpg\" alt=\"\" class=\"wp-image-1680\" srcset=\"https:\/\/telhadoemcuritiba.ind.br\/wp-content\/uploads\/2025\/06\/Abatec-03-1024x1024.jpg 1024w, https:\/\/telhadoemcuritiba.ind.br\/wp-content\/uploads\/2025\/06\/Abatec-03-300x300.jpg 300w, https:\/\/telhadoemcuritiba.ind.br\/wp-content\/uploads\/2025\/06\/Abatec-03-150x150.jpg 150w, https:\/\/telhadoemcuritiba.ind.br\/wp-content\/uploads\/2025\/06\/Abatec-03-768x768.jpg 768w, https:\/\/telhadoemcuritiba.ind.br\/wp-content\/uploads\/2025\/06\/Abatec-03-427x427.jpg 427w, https:\/\/telhadoemcuritiba.ind.br\/wp-content\/uploads\/2025\/06\/Abatec-03-350x350.jpg 350w, https:\/\/telhadoemcuritiba.ind.br\/wp-content\/uploads\/2025\/06\/Abatec-03-250x250.jpg 250w, https:\/\/telhadoemcuritiba.ind.br\/wp-content\/uploads\/2025\/06\/Abatec-03-370x370.jpg 370w, https:\/\/telhadoemcuritiba.ind.br\/wp-content\/uploads\/2025\/06\/Abatec-03-90x90.jpg 90w, https:\/\/telhadoemcuritiba.ind.br\/wp-content\/uploads\/2025\/06\/Abatec-03-570x570.jpg 570w, https:\/\/telhadoemcuritiba.ind.br\/wp-content\/uploads\/2025\/06\/Abatec-03-285x285.jpg 285w, https:\/\/telhadoemcuritiba.ind.br\/wp-content\/uploads\/2025\/06\/Abatec-03-600x600.jpg 600w, https:\/\/telhadoemcuritiba.ind.br\/wp-content\/uploads\/2025\/06\/Abatec-03-100x100.jpg 100w, https:\/\/telhadoemcuritiba.ind.br\/wp-content\/uploads\/2025\/06\/Abatec-03.jpg 1440w\" sizes=\"(max-width: 1024px) 100vw, 1024px\" \/><\/figure>\n\n\n\n<figure class=\"wp-block-image size-large\"><img loading=\"lazy\" decoding=\"async\" width=\"1024\" height=\"1024\" data-id=\"1679\" src=\"https:\/\/telhadoemcuritiba.ind.br\/wp-content\/uploads\/2025\/06\/Abatec-02-1024x1024.jpg\" alt=\"\" class=\"wp-image-1679\" srcset=\"https:\/\/telhadoemcuritiba.ind.br\/wp-content\/uploads\/2025\/06\/Abatec-02-1024x1024.jpg 1024w, https:\/\/telhadoemcuritiba.ind.br\/wp-content\/uploads\/2025\/06\/Abatec-02-300x300.jpg 300w, https:\/\/telhadoemcuritiba.ind.br\/wp-content\/uploads\/2025\/06\/Abatec-02-150x150.jpg 150w, https:\/\/telhadoemcuritiba.ind.br\/wp-content\/uploads\/2025\/06\/Abatec-02-768x768.jpg 768w, https:\/\/telhadoemcuritiba.ind.br\/wp-content\/uploads\/2025\/06\/Abatec-02-427x427.jpg 427w, https:\/\/telhadoemcuritiba.ind.br\/wp-content\/uploads\/2025\/06\/Abatec-02-350x350.jpg 350w, https:\/\/telhadoemcuritiba.ind.br\/wp-content\/uploads\/2025\/06\/Abatec-02-250x250.jpg 250w, https:\/\/telhadoemcuritiba.ind.br\/wp-content\/uploads\/2025\/06\/Abatec-02-370x370.jpg 370w, https:\/\/telhadoemcuritiba.ind.br\/wp-content\/uploads\/2025\/06\/Abatec-02-90x90.jpg 90w, https:\/\/telhadoemcuritiba.ind.br\/wp-content\/uploads\/2025\/06\/Abatec-02-570x570.jpg 570w, https:\/\/telhadoemcuritiba.ind.br\/wp-content\/uploads\/2025\/06\/Abatec-02-285x285.jpg 285w, https:\/\/telhadoemcuritiba.ind.br\/wp-content\/uploads\/2025\/06\/Abatec-02-600x600.jpg 600w, https:\/\/telhadoemcuritiba.ind.br\/wp-content\/uploads\/2025\/06\/Abatec-02-100x100.jpg 100w, https:\/\/telhadoemcuritiba.ind.br\/wp-content\/uploads\/2025\/06\/Abatec-02.jpg 1440w\" sizes=\"(max-width: 1024px) 100vw, 1024px\" \/><\/figure>\n\n\n\n<figure class=\"wp-block-image size-large\"><img loading=\"lazy\" decoding=\"async\" width=\"640\" height=\"640\" data-id=\"1678\" src=\"https:\/\/telhadoemcuritiba.ind.br\/wp-content\/uploads\/2025\/06\/Abatec-01.jpg\" alt=\"\" class=\"wp-image-1678\" srcset=\"https:\/\/telhadoemcuritiba.ind.br\/wp-content\/uploads\/2025\/06\/Abatec-01.jpg 640w, https:\/\/telhadoemcuritiba.ind.br\/wp-content\/uploads\/2025\/06\/Abatec-01-300x300.jpg 300w, https:\/\/telhadoemcuritiba.ind.br\/wp-content\/uploads\/2025\/06\/Abatec-01-150x150.jpg 150w, https:\/\/telhadoemcuritiba.ind.br\/wp-content\/uploads\/2025\/06\/Abatec-01-427x427.jpg 427w, https:\/\/telhadoemcuritiba.ind.br\/wp-content\/uploads\/2025\/06\/Abatec-01-350x350.jpg 350w, https:\/\/telhadoemcuritiba.ind.br\/wp-content\/uploads\/2025\/06\/Abatec-01-250x250.jpg 250w, https:\/\/telhadoemcuritiba.ind.br\/wp-content\/uploads\/2025\/06\/Abatec-01-370x370.jpg 370w, https:\/\/telhadoemcuritiba.ind.br\/wp-content\/uploads\/2025\/06\/Abatec-01-90x90.jpg 90w, https:\/\/telhadoemcuritiba.ind.br\/wp-content\/uploads\/2025\/06\/Abatec-01-570x570.jpg 570w, https:\/\/telhadoemcuritiba.ind.br\/wp-content\/uploads\/2025\/06\/Abatec-01-285x285.jpg 285w, https:\/\/telhadoemcuritiba.ind.br\/wp-content\/uploads\/2025\/06\/Abatec-01-600x600.jpg 600w, https:\/\/telhadoemcuritiba.ind.br\/wp-content\/uploads\/2025\/06\/Abatec-01-100x100.jpg 100w\" sizes=\"(max-width: 640px) 100vw, 640px\" \/><\/figure>\n\n\n\n<figure class=\"wp-block-image size-large\"><img loading=\"lazy\" decoding=\"async\" width=\"577\" height=\"1024\" data-id=\"1677\" src=\"https:\/\/telhadoemcuritiba.ind.br\/wp-content\/uploads\/2025\/06\/18-577x1024.jpg\" alt=\"\" class=\"wp-image-1677\" srcset=\"https:\/\/telhadoemcuritiba.ind.br\/wp-content\/uploads\/2025\/06\/18-577x1024.jpg 577w, https:\/\/telhadoemcuritiba.ind.br\/wp-content\/uploads\/2025\/06\/18-169x300.jpg 169w, https:\/\/telhadoemcuritiba.ind.br\/wp-content\/uploads\/2025\/06\/18-600x1065.jpg 600w, https:\/\/telhadoemcuritiba.ind.br\/wp-content\/uploads\/2025\/06\/18.jpg 640w\" sizes=\"(max-width: 577px) 100vw, 577px\" \/><\/figure>\n\n\n\n<figure class=\"wp-block-image size-large\"><img loading=\"lazy\" decoding=\"async\" width=\"819\" height=\"1024\" data-id=\"1543\" src=\"https:\/\/telhadoemcuritiba.ind.br\/wp-content\/uploads\/2025\/06\/307985197_614124207037829_8319478202988249140_n-819x1024.jpg\" alt=\"\" class=\"wp-image-1543\" srcset=\"https:\/\/telhadoemcuritiba.ind.br\/wp-content\/uploads\/2025\/06\/307985197_614124207037829_8319478202988249140_n-819x1024.jpg 819w, https:\/\/telhadoemcuritiba.ind.br\/wp-content\/uploads\/2025\/06\/307985197_614124207037829_8319478202988249140_n-240x300.jpg 240w, https:\/\/telhadoemcuritiba.ind.br\/wp-content\/uploads\/2025\/06\/307985197_614124207037829_8319478202988249140_n-768x960.jpg 768w, https:\/\/telhadoemcuritiba.ind.br\/wp-content\/uploads\/2025\/06\/307985197_614124207037829_8319478202988249140_n-1229x1536.jpg 1229w, https:\/\/telhadoemcuritiba.ind.br\/wp-content\/uploads\/2025\/06\/307985197_614124207037829_8319478202988249140_n-600x750.jpg 600w, https:\/\/telhadoemcuritiba.ind.br\/wp-content\/uploads\/2025\/06\/307985197_614124207037829_8319478202988249140_n.jpg 1440w\" sizes=\"(max-width: 819px) 100vw, 819px\" \/><\/figure>\n<\/figure>\n","protected":false},"excerpt":{"rendered":"<p>A estrutura met\u00e1lica permite a utiliza\u00e7\u00e3o de v\u00e1rios tipos de lajes, tais como: convencionais, vigas pr\u00e9-moldadas, concretos, dentre outros. Alguns destes tipos de laje s\u00e3o as mais indicadas para edif\u00edcios em estruturas met\u00e1licas. Sendo assim, as estruturas met\u00e1licas s\u00e3o extremamente leves e apresentam f\u00e1cil manuseio dos pain\u00e9is met\u00e1licos, podendo lhe trazer resultados mais que satisfat\u00f3rios.<\/p>\n","protected":false},"author":1,"featured_media":0,"parent":0,"menu_order":0,"comment_status":"closed","ping_status":"closed","template":"","meta":{"_joinchat":[],"footnotes":""},"class_list":["post-1653","page","type-page","status-publish","hentry"],"_links":{"self":[{"href":"https:\/\/telhadoemcuritiba.ind.br\/index.php\/wp-json\/wp\/v2\/pages\/1653","targetHints":{"allow":["GET"]}}],"collection":[{"href":"https:\/\/telhadoemcuritiba.ind.br\/index.php\/wp-json\/wp\/v2\/pages"}],"about":[{"href":"https:\/\/telhadoemcuritiba.ind.br\/index.php\/wp-json\/wp\/v2\/types\/page"}],"author":[{"embeddable":true,"href":"https:\/\/telhadoemcuritiba.ind.br\/index.php\/wp-json\/wp\/v2\/users\/1"}],"replies":[{"embeddable":true,"href":"https:\/\/telhadoemcuritiba.ind.br\/index.php\/wp-json\/wp\/v2\/comments?post=1653"}],"version-history":[{"count":3,"href":"https:\/\/telhadoemcuritiba.ind.br\/index.php\/wp-json\/wp\/v2\/pages\/1653\/revisions"}],"predecessor-version":[{"id":1700,"href":"https:\/\/telhadoemcuritiba.ind.br\/index.php\/wp-json\/wp\/v2\/pages\/1653\/revisions\/1700"}],"wp:attachment":[{"href":"https:\/\/telhadoemcuritiba.ind.br\/index.php\/wp-json\/wp\/v2\/media?parent=1653"}],"curies":[{"name":"wp","href":"https:\/\/api.w.org\/{rel}","templated":true}]}}