{"id":1626,"date":"2025-06-23T17:42:04","date_gmt":"2025-06-23T17:42:04","guid":{"rendered":"https:\/\/telhadoemcuritiba.ind.br\/?page_id=1626"},"modified":"2025-06-23T17:42:05","modified_gmt":"2025-06-23T17:42:05","slug":"quem-somos","status":"publish","type":"page","link":"https:\/\/telhadoemcuritiba.ind.br\/index.php\/quem-somos\/","title":{"rendered":"Quem somos"},"content":{"rendered":"\n<h3 class=\"wp-block-heading\">H\u00e1 mais de\u00a0<strong>30 anos<\/strong>\u00a0no mercado!<\/h3>\n\n\n\n<p>Por ser a prote\u00e7\u00e3o da casa, o telhado precisa ser bem constru\u00eddo, com materiais de excelente qualidade e por profissionais especializados, ou pode gerar vazamentos e gastos com reformas e corre\u00e7\u00f5es, al\u00e9m de transtornos para toda a fam\u00edlia. Para a constru\u00e7\u00e3o do seu telhado, contrate uma empresa de confian\u00e7a.<\/p>\n","protected":false},"excerpt":{"rendered":"<p>H\u00e1 mais de\u00a030 anos\u00a0no mercado! Por ser a prote\u00e7\u00e3o da casa, o telhado precisa ser bem constru\u00eddo, com materiais de excelente qualidade e por profissionais especializados, ou pode gerar vazamentos e gastos com reformas e corre\u00e7\u00f5es, al\u00e9m de transtornos para toda a fam\u00edlia. Para a constru\u00e7\u00e3o do seu telhado, contrate uma empresa de confian\u00e7a.<\/p>\n","protected":false},"author":1,"featured_media":0,"parent":0,"menu_order":0,"comment_status":"closed","ping_status":"closed","template":"","meta":{"_joinchat":[],"footnotes":""},"class_list":["post-1626","page","type-page","status-publish","hentry"],"_links":{"self":[{"href":"https:\/\/telhadoemcuritiba.ind.br\/index.php\/wp-json\/wp\/v2\/pages\/1626","targetHints":{"allow":["GET"]}}],"collection":[{"href":"https:\/\/telhadoemcuritiba.ind.br\/index.php\/wp-json\/wp\/v2\/pages"}],"about":[{"href":"https:\/\/telhadoemcuritiba.ind.br\/index.php\/wp-json\/wp\/v2\/types\/page"}],"author":[{"embeddable":true,"href":"https:\/\/telhadoemcuritiba.ind.br\/index.php\/wp-json\/wp\/v2\/users\/1"}],"replies":[{"embeddable":true,"href":"https:\/\/telhadoemcuritiba.ind.br\/index.php\/wp-json\/wp\/v2\/comments?post=1626"}],"version-history":[{"count":1,"href":"https:\/\/telhadoemcuritiba.ind.br\/index.php\/wp-json\/wp\/v2\/pages\/1626\/revisions"}],"predecessor-version":[{"id":1628,"href":"https:\/\/telhadoemcuritiba.ind.br\/index.php\/wp-json\/wp\/v2\/pages\/1626\/revisions\/1628"}],"wp:attachment":[{"href":"https:\/\/telhadoemcuritiba.ind.br\/index.php\/wp-json\/wp\/v2\/media?parent=1626"}],"curies":[{"name":"wp","href":"https:\/\/api.w.org\/{rel}","templated":true}]}}